{"id":12068,"date":"2024-03-25T09:39:53","date_gmt":"2024-03-25T08:39:53","guid":{"rendered":"https:\/\/www.rm-assessors.cat\/cancellation-policy\/"},"modified":"2024-08-01T12:56:26","modified_gmt":"2024-08-01T10:56:26","slug":"cancellation-policy","status":"publish","type":"page","link":"https:\/\/www.rm-assessors.cat\/en\/cancellation-policy\/","title":{"rendered":"Cancellation policy"},"content":{"rendered":"\t\t<div data-elementor-type=\"wp-page\" data-elementor-id=\"12068\" class=\"elementor elementor-12068 elementor-12058\" data-elementor-post-type=\"page\">\n\t\t\t\t<div data-particle_enable=\"false\" data-particle-mobile-disabled=\"false\" class=\"elementor-element elementor-element-dd714f0 e-flex e-con-boxed e-con e-parent\" data-id=\"dd714f0\" data-element_type=\"container\" data-e-type=\"container\">\n\t\t\t\t\t<div class=\"e-con-inner\">\n\t\t\t\t<div class=\"elementor-element elementor-element-c7ed4b1 elementor-widget elementor-widget-text-editor\" data-id=\"c7ed4b1\" data-element_type=\"widget\" data-e-type=\"widget\" data-widget_type=\"text-editor.default\">\n\t\t\t\t<div class=\"elementor-widget-container\">\n\t\t\t\t\t\t\t\t\t<h2 class=\"p1\"><strong>Pol\u00edtica de cancel\u00b7laci\u00f3<\/strong><\/h2>\n<p class=\"p1\">La pol\u00edtica de cancel\u00b7laci\u00f3 de l&#8217;<b>ASSESSORIA RIBAS-MOTJE-ROMAGUERA, S.L. <\/b>est\u00e0 dissenyada pensant en tots els nostres clients i pel que fa al valor que li atorguem al temps dels professionals que l&#8217;atenen. No nom\u00e9s reserva els nostres serveis, sin\u00f3 tamb\u00e9 el nostre temps, treball i la nostra disponibilitat per a altres clients.<\/p>\n<p class=\"p1\">Donada la gran llista d&#8217;espera que solem tenir, traiem a la pr\u00e0ctica la seg\u00fcent pol\u00edtica de cancel\u00b7laci\u00f3:<\/p>\n<ul>\n<li class=\"p1\">Tots els nostres clients entenen i accepten les condicions que a continuaci\u00f3 s&#8217;exposen, a partir del moment en qu\u00e8 se&#8217;ls confirma la cita amb data i hora a trav\u00e9s del nostre servei de Cita Online<\/li>\n<li class=\"p1\">Els canvis de cita o cancel\u00b7lacions avisades amb M\u00c9S DE 24 HORES D&#8217;ANTELACI\u00d3, no tindran cap perjudici per als nostres clients, encara que agrairem que es faci amb el m\u00e0xim temps possible perqu\u00e8 puguem trucar a alg\u00fa de la llista d&#8217;espera.<\/li>\n<li class=\"p1\">Si el client no es presenta a la cita o si el canvi o cancel\u00b7laci\u00f3 es realitza amb menys de 24 hores per qualsevol de les vies esmentades, el servei haur\u00e0 de ser abonat \u00edntegrament.<\/li>\n<\/ul>\n<p class=\"p1\">Tan sols no s&#8217;aplicaran aquestes condicions, si existeix<span class=\"Apple-converted-space\">\u00a0 <\/span>alguna causa de for\u00e7a major, accident o malaltia greu o urgent que no permeti avisar amb aquestes 24 hores d&#8217;antelaci\u00f3 que sol\u00b7licitem, sempre que siguin justificades per escrit d&#8217;organismes oficials. No seran v\u00e0lids els motius no justificables com ara canvis sobtats o imprevistos laborals o personals, aix\u00ed com oblits o descuits per part dels clients.<\/p>\n<p class=\"p1\">Treballem per donar-los la millor atenci\u00f3 possible.<\/p>\n<p class=\"p1\">Per cancel\u00b7lar una cita aviseu-nos, si us plau, a trav\u00e9s de l&#8217;e-mail <a href=\"mailto:info@rm-assessors.cat\" target=\"_blank\" rel=\"noopener\">info@rm-assessors.cat<\/a>, per tel\u00e8fon (<a href=\"tel:\/\/+34972208258\" target=\"_blank\" rel=\"noopener\">972 20 82 58<\/a>).<\/p>\n<p class=\"p1\">Gr\u00e0cies per la vostra col\u00b7laboraci\u00f3 i comprensi\u00f3<\/p>\n\t\t\t\t\t\t\t\t<\/div>\n\t\t\t\t<\/div>\n\t\t\t\t\t<\/div>\n\t\t\t\t<\/div>\n\t\t\t\t<\/div>\n\t\t","protected":false},"excerpt":{"rendered":"<p>Pol\u00edtica de cancel\u00b7laci\u00f3 La pol\u00edtica de cancel\u00b7laci\u00f3 de l&#8217;ASSESSORIA RIBAS-MOTJE-ROMAGUERA, S.L. est\u00e0 dissenyada pensant en tots els nostres clients i pel que fa al valor que li atorguem al temps dels professionals que l&#8217;atenen. No nom\u00e9s reserva els nostres serveis, sin\u00f3 tamb\u00e9 el nostre temps, treball i la nostra disponibilitat per a altres clients. Donada [&hellip;]<\/p>\n","protected":false},"author":1,"featured_media":0,"parent":0,"menu_order":0,"comment_status":"closed","ping_status":"closed","template":"elementor_header_footer","meta":{"_acf_changed":false,"site-sidebar-layout":"no-sidebar","site-content-layout":"page-builder","ast-site-content-layout":"full-width-container","site-content-style":"default","site-sidebar-style":"default","ast-global-header-display":"","ast-banner-title-visibility":"","ast-main-header-display":"","ast-hfb-above-header-display":"","ast-hfb-below-header-display":"","ast-hfb-mobile-header-display":"","site-post-title":"disabled","ast-breadcrumbs-content":"","ast-featured-img":"disabled","footer-sml-layout":"","ast-disable-related-posts":"","theme-transparent-header-meta":"default","adv-header-id-meta":"","stick-header-meta":"","header-above-stick-meta":"","header-main-stick-meta":"","header-below-stick-meta":"","astra-migrate-meta-layouts":"set","ast-page-background-enabled":"default","ast-page-background-meta":{"desktop":{"background-color":"","background-image":"","background-repeat":"repeat","background-position":"center center","background-size":"auto","background-attachment":"scroll","background-type":"","background-media":"","overlay-type":"","overlay-color":"","overlay-opacity":"","overlay-gradient":""},"tablet":{"background-color":"","background-image":"","background-repeat":"repeat","background-position":"center center","background-size":"auto","background-attachment":"scroll","background-type":"","background-media":"","overlay-type":"","overlay-color":"","overlay-opacity":"","overlay-gradient":""},"mobile":{"background-color":"","background-image":"","background-repeat":"repeat","background-position":"center center","background-size":"auto","background-attachment":"scroll","background-type":"","background-media":"","overlay-type":"","overlay-color":"","overlay-opacity":"","overlay-gradient":""}},"ast-content-background-meta":{"desktop":{"background-color":"var(--ast-global-color-5)","background-image":"","background-repeat":"repeat","background-position":"center center","background-size":"auto","background-attachment":"scroll","background-type":"","background-media":"","overlay-type":"","overlay-color":"","overlay-opacity":"","overlay-gradient":""},"tablet":{"background-color":"var(--ast-global-color-5)","background-image":"","background-repeat":"repeat","background-position":"center center","background-size":"auto","background-attachment":"scroll","background-type":"","background-media":"","overlay-type":"","overlay-color":"","overlay-opacity":"","overlay-gradient":""},"mobile":{"background-color":"var(--ast-global-color-5)","background-image":"","background-repeat":"repeat","background-position":"center center","background-size":"auto","background-attachment":"scroll","background-type":"","background-media":"","overlay-type":"","overlay-color":"","overlay-opacity":"","overlay-gradient":""}},"_joinchat":[],"footnotes":""},"class_list":["post-12068","page","type-page","status-publish","hentry"],"acf":[],"yoast_head":"<!-- This site is optimized with the Yoast SEO plugin v27.4 - https:\/\/yoast.com\/product\/yoast-seo-wordpress\/ -->\n<title>Cancellation policy | RM Assessors<\/title>\n<meta name=\"robots\" content=\"noindex, follow\" \/>\n<meta property=\"og:locale\" content=\"en_US\" \/>\n<meta property=\"og:type\" content=\"article\" \/>\n<meta property=\"og:title\" content=\"Cancellation policy | RM Assessors\" \/>\n<meta property=\"og:description\" content=\"Pol\u00edtica de cancel\u00b7laci\u00f3 La pol\u00edtica de cancel\u00b7laci\u00f3 de l&#8217;ASSESSORIA RIBAS-MOTJE-ROMAGUERA, S.L. est\u00e0 dissenyada pensant en tots els nostres clients i pel que fa al valor que li atorguem al temps dels professionals que l&#8217;atenen. No nom\u00e9s reserva els nostres serveis, sin\u00f3 tamb\u00e9 el nostre temps, treball i la nostra disponibilitat per a altres clients. Donada [&hellip;]\" \/>\n<meta property=\"og:url\" content=\"https:\/\/www.rm-assessors.cat\/en\/cancellation-policy\/\" \/>\n<meta property=\"og:site_name\" content=\"RM Assessors\" \/>\n<meta property=\"article:publisher\" content=\"https:\/\/www.facebook.com\/rmassessors\" \/>\n<meta property=\"article:modified_time\" content=\"2024-08-01T10:56:26+00:00\" \/>\n<meta name=\"twitter:card\" content=\"summary_large_image\" \/>\n<meta name=\"twitter:site\" content=\"@RMAssessors\" \/>\n<meta name=\"twitter:label1\" content=\"Est. reading time\" \/>\n\t<meta name=\"twitter:data1\" content=\"2 minutes\" \/>\n<script type=\"application\/ld+json\" class=\"yoast-schema-graph\">{\"@context\":\"https:\\\/\\\/schema.org\",\"@graph\":[{\"@type\":\"WebPage\",\"@id\":\"https:\\\/\\\/www.rm-assessors.cat\\\/en\\\/cancellation-policy\\\/\",\"url\":\"https:\\\/\\\/www.rm-assessors.cat\\\/en\\\/cancellation-policy\\\/\",\"name\":\"Cancellation policy | RM Assessors\",\"isPartOf\":{\"@id\":\"https:\\\/\\\/www.rm-assessors.cat\\\/en\\\/#website\"},\"datePublished\":\"2024-03-25T08:39:53+00:00\",\"dateModified\":\"2024-08-01T10:56:26+00:00\",\"breadcrumb\":{\"@id\":\"https:\\\/\\\/www.rm-assessors.cat\\\/en\\\/cancellation-policy\\\/#breadcrumb\"},\"inLanguage\":\"en-US\",\"potentialAction\":[{\"@type\":\"ReadAction\",\"target\":[\"https:\\\/\\\/www.rm-assessors.cat\\\/en\\\/cancellation-policy\\\/\"]}]},{\"@type\":\"BreadcrumbList\",\"@id\":\"https:\\\/\\\/www.rm-assessors.cat\\\/en\\\/cancellation-policy\\\/#breadcrumb\",\"itemListElement\":[{\"@type\":\"ListItem\",\"position\":1,\"name\":\"Inici\",\"item\":\"https:\\\/\\\/www.rm-assessors.cat\\\/en\\\/\"},{\"@type\":\"ListItem\",\"position\":2,\"name\":\"Cancellation policy\"}]},{\"@type\":\"WebSite\",\"@id\":\"https:\\\/\\\/www.rm-assessors.cat\\\/en\\\/#website\",\"url\":\"https:\\\/\\\/www.rm-assessors.cat\\\/en\\\/\",\"name\":\"RM Assessors\",\"description\":\"Assessoria i gestoria a Girona, Figueres i Breda.\",\"publisher\":{\"@id\":\"https:\\\/\\\/www.rm-assessors.cat\\\/en\\\/#organization\"},\"alternateName\":\"RM Assessors\",\"potentialAction\":[{\"@type\":\"SearchAction\",\"target\":{\"@type\":\"EntryPoint\",\"urlTemplate\":\"https:\\\/\\\/www.rm-assessors.cat\\\/en\\\/?s={search_term_string}\"},\"query-input\":{\"@type\":\"PropertyValueSpecification\",\"valueRequired\":true,\"valueName\":\"search_term_string\"}}],\"inLanguage\":\"en-US\"},{\"@type\":\"Organization\",\"@id\":\"https:\\\/\\\/www.rm-assessors.cat\\\/en\\\/#organization\",\"name\":\"RM Assessors\",\"alternateName\":\"RM Assessors\",\"url\":\"https:\\\/\\\/www.rm-assessors.cat\\\/en\\\/\",\"logo\":{\"@type\":\"ImageObject\",\"inLanguage\":\"en-US\",\"@id\":\"https:\\\/\\\/www.rm-assessors.cat\\\/en\\\/#\\\/schema\\\/logo\\\/image\\\/\",\"url\":\"https:\\\/\\\/www.rm-assessors.cat\\\/wp-content\\\/uploads\\\/2023\\\/09\\\/RM-Serveis_Assessors.svg\",\"contentUrl\":\"https:\\\/\\\/www.rm-assessors.cat\\\/wp-content\\\/uploads\\\/2023\\\/09\\\/RM-Serveis_Assessors.svg\",\"width\":200,\"height\":200,\"caption\":\"RM Assessors\"},\"image\":{\"@id\":\"https:\\\/\\\/www.rm-assessors.cat\\\/en\\\/#\\\/schema\\\/logo\\\/image\\\/\"},\"sameAs\":[\"https:\\\/\\\/www.facebook.com\\\/rmassessors\",\"https:\\\/\\\/x.com\\\/RMAssessors\",\"https:\\\/\\\/www.linkedin.com\\\/company\\\/rm-assessors\\\/\",\"https:\\\/\\\/www.instagram.com\\\/rm_assessors\\\/\"]}]}<\/script>\n<!-- \/ Yoast SEO plugin. -->","yoast_head_json":{"title":"Cancellation policy | RM Assessors","robots":{"index":"noindex","follow":"follow"},"og_locale":"en_US","og_type":"article","og_title":"Cancellation policy | RM Assessors","og_description":"Pol\u00edtica de cancel\u00b7laci\u00f3 La pol\u00edtica de cancel\u00b7laci\u00f3 de l&#8217;ASSESSORIA RIBAS-MOTJE-ROMAGUERA, S.L. est\u00e0 dissenyada pensant en tots els nostres clients i pel que fa al valor que li atorguem al temps dels professionals que l&#8217;atenen. No nom\u00e9s reserva els nostres serveis, sin\u00f3 tamb\u00e9 el nostre temps, treball i la nostra disponibilitat per a altres clients. Donada [&hellip;]","og_url":"https:\/\/www.rm-assessors.cat\/en\/cancellation-policy\/","og_site_name":"RM Assessors","article_publisher":"https:\/\/www.facebook.com\/rmassessors","article_modified_time":"2024-08-01T10:56:26+00:00","twitter_card":"summary_large_image","twitter_site":"@RMAssessors","twitter_misc":{"Est. reading time":"2 minutes"},"schema":{"@context":"https:\/\/schema.org","@graph":[{"@type":"WebPage","@id":"https:\/\/www.rm-assessors.cat\/en\/cancellation-policy\/","url":"https:\/\/www.rm-assessors.cat\/en\/cancellation-policy\/","name":"Cancellation policy | RM Assessors","isPartOf":{"@id":"https:\/\/www.rm-assessors.cat\/en\/#website"},"datePublished":"2024-03-25T08:39:53+00:00","dateModified":"2024-08-01T10:56:26+00:00","breadcrumb":{"@id":"https:\/\/www.rm-assessors.cat\/en\/cancellation-policy\/#breadcrumb"},"inLanguage":"en-US","potentialAction":[{"@type":"ReadAction","target":["https:\/\/www.rm-assessors.cat\/en\/cancellation-policy\/"]}]},{"@type":"BreadcrumbList","@id":"https:\/\/www.rm-assessors.cat\/en\/cancellation-policy\/#breadcrumb","itemListElement":[{"@type":"ListItem","position":1,"name":"Inici","item":"https:\/\/www.rm-assessors.cat\/en\/"},{"@type":"ListItem","position":2,"name":"Cancellation policy"}]},{"@type":"WebSite","@id":"https:\/\/www.rm-assessors.cat\/en\/#website","url":"https:\/\/www.rm-assessors.cat\/en\/","name":"RM Assessors","description":"Assessoria i gestoria a Girona, Figueres i Breda.","publisher":{"@id":"https:\/\/www.rm-assessors.cat\/en\/#organization"},"alternateName":"RM Assessors","potentialAction":[{"@type":"SearchAction","target":{"@type":"EntryPoint","urlTemplate":"https:\/\/www.rm-assessors.cat\/en\/?s={search_term_string}"},"query-input":{"@type":"PropertyValueSpecification","valueRequired":true,"valueName":"search_term_string"}}],"inLanguage":"en-US"},{"@type":"Organization","@id":"https:\/\/www.rm-assessors.cat\/en\/#organization","name":"RM Assessors","alternateName":"RM Assessors","url":"https:\/\/www.rm-assessors.cat\/en\/","logo":{"@type":"ImageObject","inLanguage":"en-US","@id":"https:\/\/www.rm-assessors.cat\/en\/#\/schema\/logo\/image\/","url":"https:\/\/www.rm-assessors.cat\/wp-content\/uploads\/2023\/09\/RM-Serveis_Assessors.svg","contentUrl":"https:\/\/www.rm-assessors.cat\/wp-content\/uploads\/2023\/09\/RM-Serveis_Assessors.svg","width":200,"height":200,"caption":"RM Assessors"},"image":{"@id":"https:\/\/www.rm-assessors.cat\/en\/#\/schema\/logo\/image\/"},"sameAs":["https:\/\/www.facebook.com\/rmassessors","https:\/\/x.com\/RMAssessors","https:\/\/www.linkedin.com\/company\/rm-assessors\/","https:\/\/www.instagram.com\/rm_assessors\/"]}]}},"_links":{"self":[{"href":"https:\/\/www.rm-assessors.cat\/en\/wp-json\/wp\/v2\/pages\/12068","targetHints":{"allow":["GET"]}}],"collection":[{"href":"https:\/\/www.rm-assessors.cat\/en\/wp-json\/wp\/v2\/pages"}],"about":[{"href":"https:\/\/www.rm-assessors.cat\/en\/wp-json\/wp\/v2\/types\/page"}],"author":[{"embeddable":true,"href":"https:\/\/www.rm-assessors.cat\/en\/wp-json\/wp\/v2\/users\/1"}],"replies":[{"embeddable":true,"href":"https:\/\/www.rm-assessors.cat\/en\/wp-json\/wp\/v2\/comments?post=12068"}],"version-history":[{"count":1,"href":"https:\/\/www.rm-assessors.cat\/en\/wp-json\/wp\/v2\/pages\/12068\/revisions"}],"predecessor-version":[{"id":12069,"href":"https:\/\/www.rm-assessors.cat\/en\/wp-json\/wp\/v2\/pages\/12068\/revisions\/12069"}],"wp:attachment":[{"href":"https:\/\/www.rm-assessors.cat\/en\/wp-json\/wp\/v2\/media?parent=12068"}],"curies":[{"name":"wp","href":"https:\/\/api.w.org\/{rel}","templated":true}]}}