{"id":10922,"date":"2023-04-21T10:19:07","date_gmt":"2023-04-21T08:19:07","guid":{"rendered":"https:\/\/www.rm-assessors.cat\/quality-policy\/"},"modified":"2024-01-09T11:29:25","modified_gmt":"2024-01-09T10:29:25","slug":"politica-de-calidad","status":"publish","type":"page","link":"https:\/\/www.rm-assessors.cat\/es\/politica-de-calidad\/","title":{"rendered":"Pol\u00edtica de calidad"},"content":{"rendered":"\t\t<div data-elementor-type=\"wp-page\" data-elementor-id=\"10922\" class=\"elementor elementor-10922 elementor-3244\" data-elementor-post-type=\"page\">\n\t\t\t\t\t\t<section data-particle_enable=\"false\" data-particle-mobile-disabled=\"false\" class=\"elementor-section elementor-top-section elementor-element elementor-element-4709f354 elementor-section-boxed elementor-section-height-default elementor-section-height-default\" data-id=\"4709f354\" data-element_type=\"section\" data-e-type=\"section\">\n\t\t\t\t\t\t<div class=\"elementor-container elementor-column-gap-default\">\n\t\t\t\t\t<div class=\"elementor-column elementor-col-100 elementor-top-column elementor-element elementor-element-73c9df5e\" data-id=\"73c9df5e\" data-element_type=\"column\" data-e-type=\"column\">\n\t\t\t<div class=\"elementor-widget-wrap elementor-element-populated\">\n\t\t\t\t\t\t<div class=\"elementor-element elementor-element-5904be5a elementor-widget elementor-widget-text-editor\" data-id=\"5904be5a\" data-element_type=\"widget\" data-e-type=\"widget\" data-widget_type=\"text-editor.default\">\n\t\t\t\t<div class=\"elementor-widget-container\">\n\t\t\t\t\t\t\t\t\t<h2><strong>Pol\u00edtica de Calidad de RM Asesores<\/strong><\/h2>\n<p>RM Assessors somos una asesor\u00eda integral fundada en 1959 para empresas, fundaciones, asociaciones, comunidades de propietarios y particulares.<\/p>\n<p>Ofrecemos a nuestros clientes un asesoramiento calificado en materia legal en sentido amplio, as\u00ed como en fiscalidad, contabilidad, en materia laboral, de seguridad social y administrativa general, as\u00ed como en materia inmobiliaria, y de seguros.<\/p>\n<p>Damos respuesta a las necesidades de nuestros clientes tanto en gesti\u00f3n de su negocio, como en actividades no lucrativas de fundaciones y asociaciones o personas f\u00edsicas y efectuamos los tr\u00e1mites que sean necesarios ante las diferentes administraciones en todos los \u00e1mbitos mencionados.<\/p>\n<p>Buscamos siempre la excelencia y apostamos por la evoluci\u00f3n y formaci\u00f3n continuada de nuestros equipos de trabajo y la implementaci\u00f3n constante de nuevos procesos y nuevas herramientas inform\u00e1ticas que nos permite una adaptaci\u00f3n r\u00e1pida a las constantes novedades, y tambi\u00e9n nos permite dar un servicio eficaz, eficiente y de mucha calidad a todos nuestros clientes.<\/p>\n<p>Estamos certificados con la norma ISO 9001: 2015; que acredita que tenemos auditado e implementado un sistema de gesti\u00f3n de la calidad.<\/p>\n<p>Estamos comprometidos en la mejora continua. Consideramos que somos una asesor\u00eda de referencia en la provincia de Girona tanto por el trato que dispensamos a nuestros clientes, como por la profesionalidad de los servicios que prestamos.<\/p>\n<p>Tenemos implementado un plan de diversidad y velamos por la equidad de nuestros equipos de trabajo.<\/p>\n<p>Apostamos por la sostenibilidad ambiental para garantizar en lo posible una continuidad en el futuro. Por eso, respetamos el medio ambiente y utilizamos la regla de las tres erres para reducir el volumen de generaci\u00f3n de residuos: reducir, reutilizar y reciclar. Estamos certificados en econom\u00eda verde.<\/p>\n<p>Estamos sensibilizados con el medio ambiente y sostenibilidad. Contribuimos activa y voluntariamente a la mejora social, econ\u00f3mica y responsabilidad social y tenemos implementado un plan de responsabilidad social corporativa (RSC).<\/p>\n<p>Somos conscientes de que generamos impacto y trabajamos para que sea siempre positivo. Somos una empresa con responsabilidad social transversal.<\/p>\n<p>Asumimos compromisos sociales como la formaci\u00f3n en pr\u00e1cticas laborales de colectivos m\u00e1s desfavorecidos y apoyamos, en sentido amplio, el deporte y la cultura, y la investigaci\u00f3n contra diversas enfermedades, y peri\u00f3dicamente colaboramos de forma activa con entidades no lucrativas que lo apoyan.<\/p>\n<p>Revisamos que las empresas con las que colaboramos tengan valores compartidos con los nuestros.<\/p>\n<p>Somos una empresa con prop\u00f3sito y trabajamos para generar confianza. Actuamos con transparencia y la \u00e9tica es un pilar fundamental que nos gu\u00eda siempre en nuestra toma de decisiones.<\/p>\n<p style=\"text-align: right;\">Girona, 31 de Agosto 2023<\/p>\n<p style=\"text-align: right;\">Marta y Maria Romaguera Colom<br \/>\n<i>Consejeras Delegadas de RM asesores<\/i><\/p>\n\t\t\t\t\t\t\t\t<\/div>\n\t\t\t\t<\/div>\n\t\t\t\t\t<\/div>\n\t\t<\/div>\n\t\t\t\t\t<\/div>\n\t\t<\/section>\n\t\t\t\t<\/div>\n\t\t","protected":false},"excerpt":{"rendered":"<p>Pol\u00edtica de Calidad de RM Asesores RM Assessors somos una asesor\u00eda integral fundada en 1959 para empresas, fundaciones, asociaciones, comunidades de propietarios y particulares. Ofrecemos a nuestros clientes un asesoramiento calificado en materia legal en sentido amplio, as\u00ed como en fiscalidad, contabilidad, en materia laboral, de seguridad social y administrativa general, as\u00ed como en materia [&hellip;]<\/p>\n","protected":false},"author":1,"featured_media":0,"parent":0,"menu_order":0,"comment_status":"closed","ping_status":"closed","template":"elementor_header_footer","meta":{"_acf_changed":false,"site-sidebar-layout":"default","site-content-layout":"default","ast-site-content-layout":"default","site-content-style":"default","site-sidebar-style":"default","ast-global-header-display":"","ast-banner-title-visibility":"","ast-main-header-display":"","ast-hfb-above-header-display":"","ast-hfb-below-header-display":"","ast-hfb-mobile-header-display":"","site-post-title":"","ast-breadcrumbs-content":"","ast-featured-img":"","footer-sml-layout":"","ast-disable-related-posts":"","theme-transparent-header-meta":"default","adv-header-id-meta":"","stick-header-meta":"","header-above-stick-meta":"","header-main-stick-meta":"","header-below-stick-meta":"","astra-migrate-meta-layouts":"set","ast-page-background-enabled":"default","ast-page-background-meta":{"desktop":{"background-color":"","background-image":"","background-repeat":"repeat","background-position":"center center","background-size":"auto","background-attachment":"scroll","background-type":"","background-media":"","overlay-type":"","overlay-color":"","overlay-opacity":"","overlay-gradient":""},"tablet":{"background-color":"","background-image":"","background-repeat":"repeat","background-position":"center center","background-size":"auto","background-attachment":"scroll","background-type":"","background-media":"","overlay-type":"","overlay-color":"","overlay-opacity":"","overlay-gradient":""},"mobile":{"background-color":"","background-image":"","background-repeat":"repeat","background-position":"center center","background-size":"auto","background-attachment":"scroll","background-type":"","background-media":"","overlay-type":"","overlay-color":"","overlay-opacity":"","overlay-gradient":""}},"ast-content-background-meta":{"desktop":{"background-color":"var(--ast-global-color-5)","background-image":"","background-repeat":"repeat","background-position":"center center","background-size":"auto","background-attachment":"scroll","background-type":"","background-media":"","overlay-type":"","overlay-color":"","overlay-opacity":"","overlay-gradient":""},"tablet":{"background-color":"var(--ast-global-color-5)","background-image":"","background-repeat":"repeat","background-position":"center center","background-size":"auto","background-attachment":"scroll","background-type":"","background-media":"","overlay-type":"","overlay-color":"","overlay-opacity":"","overlay-gradient":""},"mobile":{"background-color":"var(--ast-global-color-5)","background-image":"","background-repeat":"repeat","background-position":"center center","background-size":"auto","background-attachment":"scroll","background-type":"","background-media":"","overlay-type":"","overlay-color":"","overlay-opacity":"","overlay-gradient":""}},"_joinchat":[],"footnotes":""},"class_list":["post-10922","page","type-page","status-publish","hentry"],"acf":[],"yoast_head":"<!-- This site is optimized with the Yoast SEO plugin v27.4 - https:\/\/yoast.com\/product\/yoast-seo-wordpress\/ -->\n<title>Pol\u00edtica de calidad | RM Assessors<\/title>\n<meta name=\"robots\" content=\"index, follow, max-snippet:-1, max-image-preview:large, max-video-preview:-1\" \/>\n<link rel=\"canonical\" href=\"https:\/\/www.rm-assessors.cat\/es\/politica-de-calidad\/\" \/>\n<meta property=\"og:locale\" content=\"es_ES\" \/>\n<meta property=\"og:type\" content=\"article\" \/>\n<meta property=\"og:title\" content=\"Pol\u00edtica de calidad | RM Assessors\" \/>\n<meta property=\"og:description\" content=\"Pol\u00edtica de Calidad de RM Asesores RM Assessors somos una asesor\u00eda integral fundada en 1959 para empresas, fundaciones, asociaciones, comunidades de propietarios y particulares. Ofrecemos a nuestros clientes un asesoramiento calificado en materia legal en sentido amplio, as\u00ed como en fiscalidad, contabilidad, en materia laboral, de seguridad social y administrativa general, as\u00ed como en materia [&hellip;]\" \/>\n<meta property=\"og:url\" content=\"https:\/\/www.rm-assessors.cat\/es\/politica-de-calidad\/\" \/>\n<meta property=\"og:site_name\" content=\"RM Assessors\" \/>\n<meta property=\"article:publisher\" content=\"https:\/\/www.facebook.com\/rmassessors\" \/>\n<meta property=\"article:modified_time\" content=\"2024-01-09T10:29:25+00:00\" \/>\n<meta name=\"twitter:card\" content=\"summary_large_image\" \/>\n<meta name=\"twitter:site\" content=\"@RMAssessors\" \/>\n<meta name=\"twitter:label1\" content=\"Tiempo de lectura\" \/>\n\t<meta name=\"twitter:data1\" content=\"2 minutos\" \/>\n<script type=\"application\/ld+json\" class=\"yoast-schema-graph\">{\"@context\":\"https:\\\/\\\/schema.org\",\"@graph\":[{\"@type\":\"WebPage\",\"@id\":\"https:\\\/\\\/www.rm-assessors.cat\\\/es\\\/politica-de-calidad\\\/\",\"url\":\"https:\\\/\\\/www.rm-assessors.cat\\\/es\\\/politica-de-calidad\\\/\",\"name\":\"Pol\u00edtica de calidad | RM Assessors\",\"isPartOf\":{\"@id\":\"https:\\\/\\\/www.rm-assessors.cat\\\/es\\\/#website\"},\"datePublished\":\"2023-04-21T08:19:07+00:00\",\"dateModified\":\"2024-01-09T10:29:25+00:00\",\"breadcrumb\":{\"@id\":\"https:\\\/\\\/www.rm-assessors.cat\\\/es\\\/politica-de-calidad\\\/#breadcrumb\"},\"inLanguage\":\"es\",\"potentialAction\":[{\"@type\":\"ReadAction\",\"target\":[\"https:\\\/\\\/www.rm-assessors.cat\\\/es\\\/politica-de-calidad\\\/\"]}]},{\"@type\":\"BreadcrumbList\",\"@id\":\"https:\\\/\\\/www.rm-assessors.cat\\\/es\\\/politica-de-calidad\\\/#breadcrumb\",\"itemListElement\":[{\"@type\":\"ListItem\",\"position\":1,\"name\":\"Inici\",\"item\":\"https:\\\/\\\/www.rm-assessors.cat\\\/es\\\/\"},{\"@type\":\"ListItem\",\"position\":2,\"name\":\"Pol\u00edtica de calidad\"}]},{\"@type\":\"WebSite\",\"@id\":\"https:\\\/\\\/www.rm-assessors.cat\\\/es\\\/#website\",\"url\":\"https:\\\/\\\/www.rm-assessors.cat\\\/es\\\/\",\"name\":\"RM Assessors\",\"description\":\"Assessoria i gestoria a Girona, Figueres i Breda.\",\"publisher\":{\"@id\":\"https:\\\/\\\/www.rm-assessors.cat\\\/es\\\/#organization\"},\"alternateName\":\"RM Assessors\",\"potentialAction\":[{\"@type\":\"SearchAction\",\"target\":{\"@type\":\"EntryPoint\",\"urlTemplate\":\"https:\\\/\\\/www.rm-assessors.cat\\\/es\\\/?s={search_term_string}\"},\"query-input\":{\"@type\":\"PropertyValueSpecification\",\"valueRequired\":true,\"valueName\":\"search_term_string\"}}],\"inLanguage\":\"es\"},{\"@type\":\"Organization\",\"@id\":\"https:\\\/\\\/www.rm-assessors.cat\\\/es\\\/#organization\",\"name\":\"RM Assessors\",\"alternateName\":\"RM Assessors\",\"url\":\"https:\\\/\\\/www.rm-assessors.cat\\\/es\\\/\",\"logo\":{\"@type\":\"ImageObject\",\"inLanguage\":\"es\",\"@id\":\"https:\\\/\\\/www.rm-assessors.cat\\\/es\\\/#\\\/schema\\\/logo\\\/image\\\/\",\"url\":\"https:\\\/\\\/www.rm-assessors.cat\\\/wp-content\\\/uploads\\\/2023\\\/09\\\/RM-Serveis_Assessors.svg\",\"contentUrl\":\"https:\\\/\\\/www.rm-assessors.cat\\\/wp-content\\\/uploads\\\/2023\\\/09\\\/RM-Serveis_Assessors.svg\",\"width\":200,\"height\":200,\"caption\":\"RM Assessors\"},\"image\":{\"@id\":\"https:\\\/\\\/www.rm-assessors.cat\\\/es\\\/#\\\/schema\\\/logo\\\/image\\\/\"},\"sameAs\":[\"https:\\\/\\\/www.facebook.com\\\/rmassessors\",\"https:\\\/\\\/x.com\\\/RMAssessors\",\"https:\\\/\\\/www.linkedin.com\\\/company\\\/rm-assessors\\\/\",\"https:\\\/\\\/www.instagram.com\\\/rm_assessors\\\/\"]}]}<\/script>\n<!-- \/ Yoast SEO plugin. -->","yoast_head_json":{"title":"Pol\u00edtica de calidad | RM Assessors","robots":{"index":"index","follow":"follow","max-snippet":"max-snippet:-1","max-image-preview":"max-image-preview:large","max-video-preview":"max-video-preview:-1"},"canonical":"https:\/\/www.rm-assessors.cat\/es\/politica-de-calidad\/","og_locale":"es_ES","og_type":"article","og_title":"Pol\u00edtica de calidad | RM Assessors","og_description":"Pol\u00edtica de Calidad de RM Asesores RM Assessors somos una asesor\u00eda integral fundada en 1959 para empresas, fundaciones, asociaciones, comunidades de propietarios y particulares. Ofrecemos a nuestros clientes un asesoramiento calificado en materia legal en sentido amplio, as\u00ed como en fiscalidad, contabilidad, en materia laboral, de seguridad social y administrativa general, as\u00ed como en materia [&hellip;]","og_url":"https:\/\/www.rm-assessors.cat\/es\/politica-de-calidad\/","og_site_name":"RM Assessors","article_publisher":"https:\/\/www.facebook.com\/rmassessors","article_modified_time":"2024-01-09T10:29:25+00:00","twitter_card":"summary_large_image","twitter_site":"@RMAssessors","twitter_misc":{"Tiempo de lectura":"2 minutos"},"schema":{"@context":"https:\/\/schema.org","@graph":[{"@type":"WebPage","@id":"https:\/\/www.rm-assessors.cat\/es\/politica-de-calidad\/","url":"https:\/\/www.rm-assessors.cat\/es\/politica-de-calidad\/","name":"Pol\u00edtica de calidad | RM Assessors","isPartOf":{"@id":"https:\/\/www.rm-assessors.cat\/es\/#website"},"datePublished":"2023-04-21T08:19:07+00:00","dateModified":"2024-01-09T10:29:25+00:00","breadcrumb":{"@id":"https:\/\/www.rm-assessors.cat\/es\/politica-de-calidad\/#breadcrumb"},"inLanguage":"es","potentialAction":[{"@type":"ReadAction","target":["https:\/\/www.rm-assessors.cat\/es\/politica-de-calidad\/"]}]},{"@type":"BreadcrumbList","@id":"https:\/\/www.rm-assessors.cat\/es\/politica-de-calidad\/#breadcrumb","itemListElement":[{"@type":"ListItem","position":1,"name":"Inici","item":"https:\/\/www.rm-assessors.cat\/es\/"},{"@type":"ListItem","position":2,"name":"Pol\u00edtica de calidad"}]},{"@type":"WebSite","@id":"https:\/\/www.rm-assessors.cat\/es\/#website","url":"https:\/\/www.rm-assessors.cat\/es\/","name":"RM Assessors","description":"Assessoria i gestoria a Girona, Figueres i Breda.","publisher":{"@id":"https:\/\/www.rm-assessors.cat\/es\/#organization"},"alternateName":"RM Assessors","potentialAction":[{"@type":"SearchAction","target":{"@type":"EntryPoint","urlTemplate":"https:\/\/www.rm-assessors.cat\/es\/?s={search_term_string}"},"query-input":{"@type":"PropertyValueSpecification","valueRequired":true,"valueName":"search_term_string"}}],"inLanguage":"es"},{"@type":"Organization","@id":"https:\/\/www.rm-assessors.cat\/es\/#organization","name":"RM Assessors","alternateName":"RM Assessors","url":"https:\/\/www.rm-assessors.cat\/es\/","logo":{"@type":"ImageObject","inLanguage":"es","@id":"https:\/\/www.rm-assessors.cat\/es\/#\/schema\/logo\/image\/","url":"https:\/\/www.rm-assessors.cat\/wp-content\/uploads\/2023\/09\/RM-Serveis_Assessors.svg","contentUrl":"https:\/\/www.rm-assessors.cat\/wp-content\/uploads\/2023\/09\/RM-Serveis_Assessors.svg","width":200,"height":200,"caption":"RM Assessors"},"image":{"@id":"https:\/\/www.rm-assessors.cat\/es\/#\/schema\/logo\/image\/"},"sameAs":["https:\/\/www.facebook.com\/rmassessors","https:\/\/x.com\/RMAssessors","https:\/\/www.linkedin.com\/company\/rm-assessors\/","https:\/\/www.instagram.com\/rm_assessors\/"]}]}},"_links":{"self":[{"href":"https:\/\/www.rm-assessors.cat\/es\/wp-json\/wp\/v2\/pages\/10922","targetHints":{"allow":["GET"]}}],"collection":[{"href":"https:\/\/www.rm-assessors.cat\/es\/wp-json\/wp\/v2\/pages"}],"about":[{"href":"https:\/\/www.rm-assessors.cat\/es\/wp-json\/wp\/v2\/types\/page"}],"author":[{"embeddable":true,"href":"https:\/\/www.rm-assessors.cat\/es\/wp-json\/wp\/v2\/users\/1"}],"replies":[{"embeddable":true,"href":"https:\/\/www.rm-assessors.cat\/es\/wp-json\/wp\/v2\/comments?post=10922"}],"version-history":[{"count":3,"href":"https:\/\/www.rm-assessors.cat\/es\/wp-json\/wp\/v2\/pages\/10922\/revisions"}],"predecessor-version":[{"id":11147,"href":"https:\/\/www.rm-assessors.cat\/es\/wp-json\/wp\/v2\/pages\/10922\/revisions\/11147"}],"wp:attachment":[{"href":"https:\/\/www.rm-assessors.cat\/es\/wp-json\/wp\/v2\/media?parent=10922"}],"curies":[{"name":"wp","href":"https:\/\/api.w.org\/{rel}","templated":true}]}}