{"id":11129,"date":"2023-04-21T10:16:43","date_gmt":"2023-04-21T08:16:43","guid":{"rendered":"https:\/\/www.rm-assessors.cat\/aviso-legal\/"},"modified":"2024-08-01T12:53:37","modified_gmt":"2024-08-01T10:53:37","slug":"aviso-legal","status":"publish","type":"page","link":"https:\/\/www.rm-assessors.cat\/es\/aviso-legal\/","title":{"rendered":"Aviso legal"},"content":{"rendered":"\t\t<div data-elementor-type=\"wp-page\" data-elementor-id=\"11129\" class=\"elementor elementor-11129 elementor-3238\" data-elementor-post-type=\"page\">\n\t\t\t\t\t\t<section data-particle_enable=\"false\" data-particle-mobile-disabled=\"false\" class=\"elementor-section elementor-top-section elementor-element elementor-element-fb9687c elementor-section-boxed elementor-section-height-default elementor-section-height-default\" data-id=\"fb9687c\" data-element_type=\"section\" data-e-type=\"section\">\n\t\t\t\t\t\t<div class=\"elementor-container elementor-column-gap-default\">\n\t\t\t\t\t<div class=\"elementor-column elementor-col-100 elementor-top-column elementor-element elementor-element-6c53baa9\" data-id=\"6c53baa9\" data-element_type=\"column\" data-e-type=\"column\">\n\t\t\t<div class=\"elementor-widget-wrap elementor-element-populated\">\n\t\t\t\t\t\t<div class=\"elementor-element elementor-element-1aaa63d7 elementor-widget elementor-widget-text-editor\" data-id=\"1aaa63d7\" data-element_type=\"widget\" data-e-type=\"widget\" data-widget_type=\"text-editor.default\">\n\t\t\t\t<div class=\"elementor-widget-container\">\n\t\t\t\t\t\t\t\t\t<h2><strong>Aviso legal<\/strong><\/h2>\n<p>Este portal, del que es titular ASESOR\u00cdA RIBAS MOTJE ROMAGUERA, SL con NIF B17467911, domicilio en la av. Gran V\u00eda Jaime I, 14 Bx, 17001-Girona. Est\u00e1 constituido por los sitios web asociados a los dominios de ASSESSORIA RIBAS MOTJE ROMAGUERA, SL.<\/p>\n<p><strong>Propiedad intelectual e industrial<\/strong><\/p>\n<p>El dise\u00f1o del portal y sus c\u00f3digos fuente, as\u00ed como los logotipos, marcas y otros signos distintivos que aparecen en el mismo pertenecen a ASSESSORIA RIBAS MOTJE ROMAGUERA, SL y est\u00e1n protegidos por los correspondientes derechos de propiedad intelectual e industrial.<\/p>\n<p><strong>Responsabilidad de los contenidos<\/strong><\/p>\n<p>ASSESSORIA RIBAS MOTJE ROMAGUERA, SL no se hace responsable de la legalidad de otros sitios web de terceros desde los que pueda accederse desde el portal. ASSESSORIA RIBAS MOTJE ROMAGUERA, SL tampoco responde por la legalidad de otros sitios web de terceros, que puedan estar vinculados o enlazados desde este portal.<\/p>\n<p>ASSESSORIA RIBAS MOTJE ROMAGUERA, SL se reserva el derecho a realizar cambios en el sitio web sin previo aviso, con el objetivo de mantener actualizada su informaci\u00f3n, a\u00f1adiendo, modificando, corrigiendo o eliminando los contenidos publicados o el dise\u00f1o del portal.<\/p>\n<p>ASESOR\u00cdA RIBAS MOTJE ROMAGUERA, SL no ser\u00e1 responsable del uso que terceros hagan de la informaci\u00f3n publicada en el portal, ni tampoco de los da\u00f1os sufridos o los perjuicios econ\u00f3micos, materiales o de datos, que de forma directa o indirecta, se pueda provocar por el uso de esta informaci\u00f3n.<\/p>\n<p><strong>Reproducci\u00f3n de contenidos<\/strong><\/p>\n<p>Se proh\u00edbe la reproducci\u00f3n total o parcial de los contenidos publicados en el portal.<\/p>\n<p><strong>Normativa aplicable<\/strong><\/p>\n<p>Las presentes Condiciones Generales, as\u00ed como el uso del sitio web se regir\u00e1n expresamente por la legislaci\u00f3n espa\u00f1ola.<\/p>\n<p>Cualquier controversia ser\u00e1 resuelta ante los Tribunales de Girona, salvo que alguna ley o tratado internacional actuara como ley especial. En el supuesto de que cualquier estipulaci\u00f3n de las presentes Condiciones Generales resultara inexigible o nula en virtud de la legislaci\u00f3n aplicable o como consecuencia de una resoluci\u00f3n judicial o administrativa, proceder\u00e1 a la modificaci\u00f3n o sustituci\u00f3n de esta estipulaci\u00f3n por otra que sea v\u00e1lida y exigible y que en la medida de lo posible, consiga el objetivo y pretensi\u00f3n reflejados en la estipulaci\u00f3n original.<\/p>\n\t\t\t\t\t\t\t\t<\/div>\n\t\t\t\t<\/div>\n\t\t\t\t\t<\/div>\n\t\t<\/div>\n\t\t\t\t\t<\/div>\n\t\t<\/section>\n\t\t\t\t<\/div>\n\t\t","protected":false},"excerpt":{"rendered":"<p>Aviso legal Este portal, del que es titular ASESOR\u00cdA RIBAS MOTJE ROMAGUERA, SL con NIF B17467911, domicilio en la av. Gran V\u00eda Jaime I, 14 Bx, 17001-Girona. Est\u00e1 constituido por los sitios web asociados a los dominios de ASSESSORIA RIBAS MOTJE ROMAGUERA, SL. Propiedad intelectual e industrial El dise\u00f1o del portal y sus c\u00f3digos fuente, [&hellip;]<\/p>\n","protected":false},"author":1,"featured_media":0,"parent":0,"menu_order":0,"comment_status":"closed","ping_status":"closed","template":"elementor_header_footer","meta":{"_acf_changed":false,"site-sidebar-layout":"default","site-content-layout":"default","ast-site-content-layout":"default","site-content-style":"default","site-sidebar-style":"default","ast-global-header-display":"","ast-banner-title-visibility":"","ast-main-header-display":"","ast-hfb-above-header-display":"","ast-hfb-below-header-display":"","ast-hfb-mobile-header-display":"","site-post-title":"","ast-breadcrumbs-content":"","ast-featured-img":"","footer-sml-layout":"","ast-disable-related-posts":"","theme-transparent-header-meta":"default","adv-header-id-meta":"","stick-header-meta":"","header-above-stick-meta":"","header-main-stick-meta":"","header-below-stick-meta":"","astra-migrate-meta-layouts":"set","ast-page-background-enabled":"default","ast-page-background-meta":{"desktop":{"background-color":"","background-image":"","background-repeat":"repeat","background-position":"center center","background-size":"auto","background-attachment":"scroll","background-type":"","background-media":"","overlay-type":"","overlay-color":"","overlay-opacity":"","overlay-gradient":""},"tablet":{"background-color":"","background-image":"","background-repeat":"repeat","background-position":"center center","background-size":"auto","background-attachment":"scroll","background-type":"","background-media":"","overlay-type":"","overlay-color":"","overlay-opacity":"","overlay-gradient":""},"mobile":{"background-color":"","background-image":"","background-repeat":"repeat","background-position":"center center","background-size":"auto","background-attachment":"scroll","background-type":"","background-media":"","overlay-type":"","overlay-color":"","overlay-opacity":"","overlay-gradient":""}},"ast-content-background-meta":{"desktop":{"background-color":"var(--ast-global-color-5)","background-image":"","background-repeat":"repeat","background-position":"center center","background-size":"auto","background-attachment":"scroll","background-type":"","background-media":"","overlay-type":"","overlay-color":"","overlay-opacity":"","overlay-gradient":""},"tablet":{"background-color":"var(--ast-global-color-5)","background-image":"","background-repeat":"repeat","background-position":"center center","background-size":"auto","background-attachment":"scroll","background-type":"","background-media":"","overlay-type":"","overlay-color":"","overlay-opacity":"","overlay-gradient":""},"mobile":{"background-color":"var(--ast-global-color-5)","background-image":"","background-repeat":"repeat","background-position":"center center","background-size":"auto","background-attachment":"scroll","background-type":"","background-media":"","overlay-type":"","overlay-color":"","overlay-opacity":"","overlay-gradient":""}},"_joinchat":[],"footnotes":""},"class_list":["post-11129","page","type-page","status-publish","hentry"],"acf":[],"yoast_head":"<!-- This site is optimized with the Yoast SEO plugin v27.3 - https:\/\/yoast.com\/product\/yoast-seo-wordpress\/ -->\n<title>Aviso legal | RM Assessors<\/title>\n<meta name=\"robots\" content=\"noindex, follow\" \/>\n<meta property=\"og:locale\" content=\"es_ES\" \/>\n<meta property=\"og:type\" content=\"article\" \/>\n<meta property=\"og:title\" content=\"Aviso legal | RM Assessors\" \/>\n<meta property=\"og:description\" content=\"Aviso legal Este portal, del que es titular ASESOR\u00cdA RIBAS MOTJE ROMAGUERA, SL con NIF B17467911, domicilio en la av. Gran V\u00eda Jaime I, 14 Bx, 17001-Girona. Est\u00e1 constituido por los sitios web asociados a los dominios de ASSESSORIA RIBAS MOTJE ROMAGUERA, SL. Propiedad intelectual e industrial El dise\u00f1o del portal y sus c\u00f3digos fuente, [&hellip;]\" \/>\n<meta property=\"og:url\" content=\"https:\/\/www.rm-assessors.cat\/es\/aviso-legal\/\" \/>\n<meta property=\"og:site_name\" content=\"RM Assessors\" \/>\n<meta property=\"article:publisher\" content=\"https:\/\/www.facebook.com\/rmassessors\" \/>\n<meta property=\"article:modified_time\" content=\"2024-08-01T10:53:37+00:00\" \/>\n<meta name=\"twitter:card\" content=\"summary_large_image\" \/>\n<meta name=\"twitter:site\" content=\"@RMAssessors\" \/>\n<meta name=\"twitter:label1\" content=\"Tiempo de lectura\" \/>\n\t<meta name=\"twitter:data1\" content=\"2 minutos\" \/>\n<script type=\"application\/ld+json\" class=\"yoast-schema-graph\">{\"@context\":\"https:\\\/\\\/schema.org\",\"@graph\":[{\"@type\":\"WebPage\",\"@id\":\"https:\\\/\\\/www.rm-assessors.cat\\\/es\\\/aviso-legal\\\/\",\"url\":\"https:\\\/\\\/www.rm-assessors.cat\\\/es\\\/aviso-legal\\\/\",\"name\":\"Aviso legal | RM Assessors\",\"isPartOf\":{\"@id\":\"https:\\\/\\\/www.rm-assessors.cat\\\/es\\\/#website\"},\"datePublished\":\"2023-04-21T08:16:43+00:00\",\"dateModified\":\"2024-08-01T10:53:37+00:00\",\"breadcrumb\":{\"@id\":\"https:\\\/\\\/www.rm-assessors.cat\\\/es\\\/aviso-legal\\\/#breadcrumb\"},\"inLanguage\":\"es\",\"potentialAction\":[{\"@type\":\"ReadAction\",\"target\":[\"https:\\\/\\\/www.rm-assessors.cat\\\/es\\\/aviso-legal\\\/\"]}]},{\"@type\":\"BreadcrumbList\",\"@id\":\"https:\\\/\\\/www.rm-assessors.cat\\\/es\\\/aviso-legal\\\/#breadcrumb\",\"itemListElement\":[{\"@type\":\"ListItem\",\"position\":1,\"name\":\"Inici\",\"item\":\"https:\\\/\\\/www.rm-assessors.cat\\\/es\\\/\"},{\"@type\":\"ListItem\",\"position\":2,\"name\":\"Aviso legal\"}]},{\"@type\":\"WebSite\",\"@id\":\"https:\\\/\\\/www.rm-assessors.cat\\\/es\\\/#website\",\"url\":\"https:\\\/\\\/www.rm-assessors.cat\\\/es\\\/\",\"name\":\"RM Assessors\",\"description\":\"Assessoria i gestoria a Girona, Figueres i Breda.\",\"publisher\":{\"@id\":\"https:\\\/\\\/www.rm-assessors.cat\\\/es\\\/#organization\"},\"alternateName\":\"RM Assessors\",\"potentialAction\":[{\"@type\":\"SearchAction\",\"target\":{\"@type\":\"EntryPoint\",\"urlTemplate\":\"https:\\\/\\\/www.rm-assessors.cat\\\/es\\\/?s={search_term_string}\"},\"query-input\":{\"@type\":\"PropertyValueSpecification\",\"valueRequired\":true,\"valueName\":\"search_term_string\"}}],\"inLanguage\":\"es\"},{\"@type\":\"Organization\",\"@id\":\"https:\\\/\\\/www.rm-assessors.cat\\\/es\\\/#organization\",\"name\":\"RM Assessors\",\"alternateName\":\"RM Assessors\",\"url\":\"https:\\\/\\\/www.rm-assessors.cat\\\/es\\\/\",\"logo\":{\"@type\":\"ImageObject\",\"inLanguage\":\"es\",\"@id\":\"https:\\\/\\\/www.rm-assessors.cat\\\/es\\\/#\\\/schema\\\/logo\\\/image\\\/\",\"url\":\"https:\\\/\\\/www.rm-assessors.cat\\\/wp-content\\\/uploads\\\/2023\\\/09\\\/RM-Serveis_Assessors.svg\",\"contentUrl\":\"https:\\\/\\\/www.rm-assessors.cat\\\/wp-content\\\/uploads\\\/2023\\\/09\\\/RM-Serveis_Assessors.svg\",\"width\":200,\"height\":200,\"caption\":\"RM Assessors\"},\"image\":{\"@id\":\"https:\\\/\\\/www.rm-assessors.cat\\\/es\\\/#\\\/schema\\\/logo\\\/image\\\/\"},\"sameAs\":[\"https:\\\/\\\/www.facebook.com\\\/rmassessors\",\"https:\\\/\\\/x.com\\\/RMAssessors\",\"https:\\\/\\\/www.linkedin.com\\\/company\\\/rm-assessors\\\/\",\"https:\\\/\\\/www.instagram.com\\\/rm_assessors\\\/\"]}]}<\/script>\n<!-- \/ Yoast SEO plugin. -->","yoast_head_json":{"title":"Aviso legal | RM Assessors","robots":{"index":"noindex","follow":"follow"},"og_locale":"es_ES","og_type":"article","og_title":"Aviso legal | RM Assessors","og_description":"Aviso legal Este portal, del que es titular ASESOR\u00cdA RIBAS MOTJE ROMAGUERA, SL con NIF B17467911, domicilio en la av. Gran V\u00eda Jaime I, 14 Bx, 17001-Girona. Est\u00e1 constituido por los sitios web asociados a los dominios de ASSESSORIA RIBAS MOTJE ROMAGUERA, SL. Propiedad intelectual e industrial El dise\u00f1o del portal y sus c\u00f3digos fuente, [&hellip;]","og_url":"https:\/\/www.rm-assessors.cat\/es\/aviso-legal\/","og_site_name":"RM Assessors","article_publisher":"https:\/\/www.facebook.com\/rmassessors","article_modified_time":"2024-08-01T10:53:37+00:00","twitter_card":"summary_large_image","twitter_site":"@RMAssessors","twitter_misc":{"Tiempo de lectura":"2 minutos"},"schema":{"@context":"https:\/\/schema.org","@graph":[{"@type":"WebPage","@id":"https:\/\/www.rm-assessors.cat\/es\/aviso-legal\/","url":"https:\/\/www.rm-assessors.cat\/es\/aviso-legal\/","name":"Aviso legal | RM Assessors","isPartOf":{"@id":"https:\/\/www.rm-assessors.cat\/es\/#website"},"datePublished":"2023-04-21T08:16:43+00:00","dateModified":"2024-08-01T10:53:37+00:00","breadcrumb":{"@id":"https:\/\/www.rm-assessors.cat\/es\/aviso-legal\/#breadcrumb"},"inLanguage":"es","potentialAction":[{"@type":"ReadAction","target":["https:\/\/www.rm-assessors.cat\/es\/aviso-legal\/"]}]},{"@type":"BreadcrumbList","@id":"https:\/\/www.rm-assessors.cat\/es\/aviso-legal\/#breadcrumb","itemListElement":[{"@type":"ListItem","position":1,"name":"Inici","item":"https:\/\/www.rm-assessors.cat\/es\/"},{"@type":"ListItem","position":2,"name":"Aviso legal"}]},{"@type":"WebSite","@id":"https:\/\/www.rm-assessors.cat\/es\/#website","url":"https:\/\/www.rm-assessors.cat\/es\/","name":"RM Assessors","description":"Assessoria i gestoria a Girona, Figueres i Breda.","publisher":{"@id":"https:\/\/www.rm-assessors.cat\/es\/#organization"},"alternateName":"RM Assessors","potentialAction":[{"@type":"SearchAction","target":{"@type":"EntryPoint","urlTemplate":"https:\/\/www.rm-assessors.cat\/es\/?s={search_term_string}"},"query-input":{"@type":"PropertyValueSpecification","valueRequired":true,"valueName":"search_term_string"}}],"inLanguage":"es"},{"@type":"Organization","@id":"https:\/\/www.rm-assessors.cat\/es\/#organization","name":"RM Assessors","alternateName":"RM Assessors","url":"https:\/\/www.rm-assessors.cat\/es\/","logo":{"@type":"ImageObject","inLanguage":"es","@id":"https:\/\/www.rm-assessors.cat\/es\/#\/schema\/logo\/image\/","url":"https:\/\/www.rm-assessors.cat\/wp-content\/uploads\/2023\/09\/RM-Serveis_Assessors.svg","contentUrl":"https:\/\/www.rm-assessors.cat\/wp-content\/uploads\/2023\/09\/RM-Serveis_Assessors.svg","width":200,"height":200,"caption":"RM Assessors"},"image":{"@id":"https:\/\/www.rm-assessors.cat\/es\/#\/schema\/logo\/image\/"},"sameAs":["https:\/\/www.facebook.com\/rmassessors","https:\/\/x.com\/RMAssessors","https:\/\/www.linkedin.com\/company\/rm-assessors\/","https:\/\/www.instagram.com\/rm_assessors\/"]}]}},"_links":{"self":[{"href":"https:\/\/www.rm-assessors.cat\/es\/wp-json\/wp\/v2\/pages\/11129","targetHints":{"allow":["GET"]}}],"collection":[{"href":"https:\/\/www.rm-assessors.cat\/es\/wp-json\/wp\/v2\/pages"}],"about":[{"href":"https:\/\/www.rm-assessors.cat\/es\/wp-json\/wp\/v2\/types\/page"}],"author":[{"embeddable":true,"href":"https:\/\/www.rm-assessors.cat\/es\/wp-json\/wp\/v2\/users\/1"}],"replies":[{"embeddable":true,"href":"https:\/\/www.rm-assessors.cat\/es\/wp-json\/wp\/v2\/comments?post=11129"}],"version-history":[{"count":1,"href":"https:\/\/www.rm-assessors.cat\/es\/wp-json\/wp\/v2\/pages\/11129\/revisions"}],"predecessor-version":[{"id":11130,"href":"https:\/\/www.rm-assessors.cat\/es\/wp-json\/wp\/v2\/pages\/11129\/revisions\/11130"}],"wp:attachment":[{"href":"https:\/\/www.rm-assessors.cat\/es\/wp-json\/wp\/v2\/media?parent=11129"}],"curies":[{"name":"wp","href":"https:\/\/api.w.org\/{rel}","templated":true}]}}