{"id":11131,"date":"2023-04-21T10:17:11","date_gmt":"2023-04-21T08:17:11","guid":{"rendered":"https:\/\/www.rm-assessors.cat\/politica-de-privacidad\/"},"modified":"2024-01-09T11:04:39","modified_gmt":"2024-01-09T10:04:39","slug":"politica-de-privacidad","status":"publish","type":"page","link":"https:\/\/www.rm-assessors.cat\/es\/politica-de-privacidad\/","title":{"rendered":"Pol\u00edtica de privacidad"},"content":{"rendered":"\t\t<div data-elementor-type=\"wp-page\" data-elementor-id=\"11131\" class=\"elementor elementor-11131 elementor-3240\" data-elementor-post-type=\"page\">\n\t\t\t\t\t\t<section data-particle_enable=\"false\" data-particle-mobile-disabled=\"false\" class=\"elementor-section elementor-top-section elementor-element elementor-element-3f28a3c2 elementor-section-boxed elementor-section-height-default elementor-section-height-default\" data-id=\"3f28a3c2\" data-element_type=\"section\" data-e-type=\"section\">\n\t\t\t\t\t\t<div class=\"elementor-container elementor-column-gap-default\">\n\t\t\t\t\t<div class=\"elementor-column elementor-col-100 elementor-top-column elementor-element elementor-element-66eb9377\" data-id=\"66eb9377\" data-element_type=\"column\" data-e-type=\"column\">\n\t\t\t<div class=\"elementor-widget-wrap elementor-element-populated\">\n\t\t\t\t\t\t<div class=\"elementor-element elementor-element-7c3f84fd elementor-widget elementor-widget-text-editor\" data-id=\"7c3f84fd\" data-element_type=\"widget\" data-e-type=\"widget\" data-widget_type=\"text-editor.default\">\n\t\t\t\t<div class=\"elementor-widget-container\">\n\t\t\t\t\t\t\t\t\t<h2><strong>Pol\u00edtica de privacidad<\/strong><\/h2>\r\nA trav\u00e9s de este sitio web no se recogen datos de car\u00e1cter personal de los usuarios sin su conocimiento, ni se ceden a terceros.\r\n\r\nCon el fin de ofrecer el mejor servicio y con el objeto de facilitar su uso, se analizan el n\u00famero de p\u00e1ginas visitadas, el n\u00famero de visitas, as\u00ed como la actividad de los visitantes y su frecuencia de utilizaci\u00f3n. A estos efectos, ASSESSORIA RIBAS MOTJE ROMAGUERA, SL, utiliza la informaci\u00f3n estad\u00edstica elaborada por el Proveedor de Servicios de Internet.\r\n\r\nEl portal del que es titular ASSESSORIA RIBAS MOTJE ROMAGUERA, SL, contiene enlaces a sitios web de terceros, cuyas pol\u00edticas de privacidad son ajenas a la de ASSESSORIA RIBAS MOTJE ROMAGUERA, SL. Al acceder a estos sitios web usted puede decidir si acepta sus pol\u00edticas de privacidad y cookies. A todos los efectos, si navega por internet usted puede aceptar o rechazar las cookies de terceros desde las opciones de configuraci\u00f3n de su navegador.\r\n\r\n<strong>Informaci\u00f3n b\u00e1sica sobre protecci\u00f3n de datos<\/strong>\r\n\r\nA continuaci\u00f3n le informamos sobre la pol\u00edtica de protecci\u00f3n de datos de ASSESSORIA RIBAS MOTJE ROMAGUERA, SL\r\n<ul>\r\n \t<li><strong>RESPONSABLE:<\/strong> ASSESSORIA RIBAS MOTJE ROMAGUERA, SL, B17467911, Av. Gran Via Jaume I, 14 Bx, 17001-Girona, e-mail:\u00a0<a href=\"mailto:info@rm-assessors.cat\">info@rm-assessors.cat<\/a>\u00a0i tel\u00e8fon 972208258.<\/li>\r\n \t<li><strong>FINALIDAD:<\/strong> Gestionar servicios a clientes \/ n\u00f3minas y personal \/ Curr\u00edculum vitae.<\/li>\r\n \t<li><strong>LEGITIMACI\u00d3N:<\/strong> Contratos, relaci\u00f3n negocial y consentimiento.<\/li>\r\n \t<li><strong>BASE LEGAL:<\/strong> Reglamento (UE) 2016\/679 del Parlamento Europeo y del Consejo, de 27 de abril de 2016, Ley 34\/2002, de 11 de julio, de servicios de la sociedad de la informaci\u00f3n y de comercio electr\u00f3nico. Ley 58\/2003, de 17 de diciembre, General Tributaria.<\/li>\r\n \t<li><strong>DURADA:<\/strong> Lo legalmente prescrito en las diferentes normativas.<\/li>\r\n \t<li><strong>INFORMACI\u00d3N ADICIONAL:<\/strong> En todo momento se podr\u00e1 recabar informaci\u00f3n adicional sobre los datos personales proporcionados (\u201csegunda capa\u201d), en la misma direcci\u00f3n electr\u00f3nica que le facilitamos para poder ejercer sus derechos.<\/li>\r\n \t<li><strong>DERECHOS:<\/strong> Podr\u00e1 ejercer los derechos ARCO de acceso, rectificaci\u00f3n, cancelaci\u00f3n y\/u oposici\u00f3n, as\u00ed como el derecho al bloqueo y portabilidad. puede usted dirigirse a nuestra direcci\u00f3n de correo info@rm-assessors.cat o bien, a nuestra direcci\u00f3n postal dirigi\u00e9ndose al Responsable del Tratamiento de nuestra empresa.<\/li>\r\n \t<li><strong>INFORMACI\u00d3N:<\/strong> En cumplimiento de la normativa vigente de Servicios de la Sociedad de la Informaci\u00f3n y Comercio Electr\u00f3nico, y la Protecci\u00f3n de Datos de Car\u00e1cter Personal, le informamos que puede revocar en cualquier momento, de forma sencilla y gratuita, el consentimiento para la recepci\u00f3n de los mensajes promocionales, en cumplimiento del Reglamento UE del Parlamento y el Consejo 679\/2016 y LSSI 34\/2002.<\/li>\r\n<\/ul>\r\n<strong>Comunicaci\u00f3n de datos<\/strong>\r\n\r\nA todos los efectos no se comunicar\u00e1n los datos personales a terceros, salvo obligaci\u00f3n legal.\t\t\t\t\t\t\t\t<\/div>\n\t\t\t\t<\/div>\n\t\t\t\t\t<\/div>\n\t\t<\/div>\n\t\t\t\t\t<\/div>\n\t\t<\/section>\n\t\t\t\t<\/div>\n\t\t","protected":false},"excerpt":{"rendered":"<p>Pol\u00edtica de privacidad A trav\u00e9s de este sitio web no se recogen datos de car\u00e1cter personal de los usuarios sin su conocimiento, ni se ceden a terceros. Con el fin de ofrecer el mejor servicio y con el objeto de facilitar su uso, se analizan el n\u00famero de p\u00e1ginas visitadas, el n\u00famero de visitas, as\u00ed [&hellip;]<\/p>\n","protected":false},"author":1,"featured_media":0,"parent":0,"menu_order":0,"comment_status":"closed","ping_status":"closed","template":"elementor_header_footer","meta":{"_acf_changed":false,"site-sidebar-layout":"default","site-content-layout":"default","ast-site-content-layout":"default","site-content-style":"default","site-sidebar-style":"default","ast-global-header-display":"","ast-banner-title-visibility":"","ast-main-header-display":"","ast-hfb-above-header-display":"","ast-hfb-below-header-display":"","ast-hfb-mobile-header-display":"","site-post-title":"","ast-breadcrumbs-content":"","ast-featured-img":"","footer-sml-layout":"","ast-disable-related-posts":"","theme-transparent-header-meta":"default","adv-header-id-meta":"","stick-header-meta":"","header-above-stick-meta":"","header-main-stick-meta":"","header-below-stick-meta":"","astra-migrate-meta-layouts":"default","ast-page-background-enabled":"default","ast-page-background-meta":{"desktop":{"background-color":"","background-image":"","background-repeat":"repeat","background-position":"center center","background-size":"auto","background-attachment":"scroll","background-type":"","background-media":"","overlay-type":"","overlay-color":"","overlay-opacity":"","overlay-gradient":""},"tablet":{"background-color":"","background-image":"","background-repeat":"repeat","background-position":"center center","background-size":"auto","background-attachment":"scroll","background-type":"","background-media":"","overlay-type":"","overlay-color":"","overlay-opacity":"","overlay-gradient":""},"mobile":{"background-color":"","background-image":"","background-repeat":"repeat","background-position":"center center","background-size":"auto","background-attachment":"scroll","background-type":"","background-media":"","overlay-type":"","overlay-color":"","overlay-opacity":"","overlay-gradient":""}},"ast-content-background-meta":{"desktop":{"background-color":"var(--ast-global-color-5)","background-image":"","background-repeat":"repeat","background-position":"center center","background-size":"auto","background-attachment":"scroll","background-type":"","background-media":"","overlay-type":"","overlay-color":"","overlay-opacity":"","overlay-gradient":""},"tablet":{"background-color":"var(--ast-global-color-5)","background-image":"","background-repeat":"repeat","background-position":"center center","background-size":"auto","background-attachment":"scroll","background-type":"","background-media":"","overlay-type":"","overlay-color":"","overlay-opacity":"","overlay-gradient":""},"mobile":{"background-color":"var(--ast-global-color-5)","background-image":"","background-repeat":"repeat","background-position":"center center","background-size":"auto","background-attachment":"scroll","background-type":"","background-media":"","overlay-type":"","overlay-color":"","overlay-opacity":"","overlay-gradient":""}},"_joinchat":[],"footnotes":""},"class_list":["post-11131","page","type-page","status-publish","hentry"],"acf":[],"yoast_head":"<!-- This site is optimized with the Yoast SEO plugin v27.4 - https:\/\/yoast.com\/product\/yoast-seo-wordpress\/ -->\n<title>Pol\u00edtica de privacidad | RM Assessors<\/title>\n<meta name=\"robots\" content=\"index, follow, max-snippet:-1, max-image-preview:large, max-video-preview:-1\" \/>\n<link rel=\"canonical\" href=\"https:\/\/www.rm-assessors.cat\/es\/politica-de-privacidad\/\" \/>\n<meta property=\"og:locale\" content=\"es_ES\" \/>\n<meta property=\"og:type\" content=\"article\" \/>\n<meta property=\"og:title\" content=\"Pol\u00edtica de privacidad | RM Assessors\" \/>\n<meta property=\"og:description\" content=\"Pol\u00edtica de privacidad A trav\u00e9s de este sitio web no se recogen datos de car\u00e1cter personal de los usuarios sin su conocimiento, ni se ceden a terceros. Con el fin de ofrecer el mejor servicio y con el objeto de facilitar su uso, se analizan el n\u00famero de p\u00e1ginas visitadas, el n\u00famero de visitas, as\u00ed [&hellip;]\" \/>\n<meta property=\"og:url\" content=\"https:\/\/www.rm-assessors.cat\/es\/politica-de-privacidad\/\" \/>\n<meta property=\"og:site_name\" content=\"RM Assessors\" \/>\n<meta property=\"article:publisher\" content=\"https:\/\/www.facebook.com\/rmassessors\" \/>\n<meta property=\"article:modified_time\" content=\"2024-01-09T10:04:39+00:00\" \/>\n<meta name=\"twitter:card\" content=\"summary_large_image\" \/>\n<meta name=\"twitter:site\" content=\"@RMAssessors\" \/>\n<meta name=\"twitter:label1\" content=\"Tiempo de lectura\" \/>\n\t<meta name=\"twitter:data1\" content=\"2 minutos\" \/>\n<script type=\"application\/ld+json\" class=\"yoast-schema-graph\">{\"@context\":\"https:\\\/\\\/schema.org\",\"@graph\":[{\"@type\":\"WebPage\",\"@id\":\"https:\\\/\\\/www.rm-assessors.cat\\\/es\\\/politica-de-privacidad\\\/\",\"url\":\"https:\\\/\\\/www.rm-assessors.cat\\\/es\\\/politica-de-privacidad\\\/\",\"name\":\"Pol\u00edtica de privacidad | RM Assessors\",\"isPartOf\":{\"@id\":\"https:\\\/\\\/www.rm-assessors.cat\\\/es\\\/#website\"},\"datePublished\":\"2023-04-21T08:17:11+00:00\",\"dateModified\":\"2024-01-09T10:04:39+00:00\",\"breadcrumb\":{\"@id\":\"https:\\\/\\\/www.rm-assessors.cat\\\/es\\\/politica-de-privacidad\\\/#breadcrumb\"},\"inLanguage\":\"es\",\"potentialAction\":[{\"@type\":\"ReadAction\",\"target\":[\"https:\\\/\\\/www.rm-assessors.cat\\\/es\\\/politica-de-privacidad\\\/\"]}]},{\"@type\":\"BreadcrumbList\",\"@id\":\"https:\\\/\\\/www.rm-assessors.cat\\\/es\\\/politica-de-privacidad\\\/#breadcrumb\",\"itemListElement\":[{\"@type\":\"ListItem\",\"position\":1,\"name\":\"Inici\",\"item\":\"https:\\\/\\\/www.rm-assessors.cat\\\/es\\\/\"},{\"@type\":\"ListItem\",\"position\":2,\"name\":\"Pol\u00edtica de privacidad\"}]},{\"@type\":\"WebSite\",\"@id\":\"https:\\\/\\\/www.rm-assessors.cat\\\/es\\\/#website\",\"url\":\"https:\\\/\\\/www.rm-assessors.cat\\\/es\\\/\",\"name\":\"RM Assessors\",\"description\":\"Assessoria i gestoria a Girona, Figueres i Breda.\",\"publisher\":{\"@id\":\"https:\\\/\\\/www.rm-assessors.cat\\\/es\\\/#organization\"},\"alternateName\":\"RM Assessors\",\"potentialAction\":[{\"@type\":\"SearchAction\",\"target\":{\"@type\":\"EntryPoint\",\"urlTemplate\":\"https:\\\/\\\/www.rm-assessors.cat\\\/es\\\/?s={search_term_string}\"},\"query-input\":{\"@type\":\"PropertyValueSpecification\",\"valueRequired\":true,\"valueName\":\"search_term_string\"}}],\"inLanguage\":\"es\"},{\"@type\":\"Organization\",\"@id\":\"https:\\\/\\\/www.rm-assessors.cat\\\/es\\\/#organization\",\"name\":\"RM Assessors\",\"alternateName\":\"RM Assessors\",\"url\":\"https:\\\/\\\/www.rm-assessors.cat\\\/es\\\/\",\"logo\":{\"@type\":\"ImageObject\",\"inLanguage\":\"es\",\"@id\":\"https:\\\/\\\/www.rm-assessors.cat\\\/es\\\/#\\\/schema\\\/logo\\\/image\\\/\",\"url\":\"https:\\\/\\\/www.rm-assessors.cat\\\/wp-content\\\/uploads\\\/2023\\\/09\\\/RM-Serveis_Assessors.svg\",\"contentUrl\":\"https:\\\/\\\/www.rm-assessors.cat\\\/wp-content\\\/uploads\\\/2023\\\/09\\\/RM-Serveis_Assessors.svg\",\"width\":200,\"height\":200,\"caption\":\"RM Assessors\"},\"image\":{\"@id\":\"https:\\\/\\\/www.rm-assessors.cat\\\/es\\\/#\\\/schema\\\/logo\\\/image\\\/\"},\"sameAs\":[\"https:\\\/\\\/www.facebook.com\\\/rmassessors\",\"https:\\\/\\\/x.com\\\/RMAssessors\",\"https:\\\/\\\/www.linkedin.com\\\/company\\\/rm-assessors\\\/\",\"https:\\\/\\\/www.instagram.com\\\/rm_assessors\\\/\"]}]}<\/script>\n<!-- \/ Yoast SEO plugin. -->","yoast_head_json":{"title":"Pol\u00edtica de privacidad | RM Assessors","robots":{"index":"index","follow":"follow","max-snippet":"max-snippet:-1","max-image-preview":"max-image-preview:large","max-video-preview":"max-video-preview:-1"},"canonical":"https:\/\/www.rm-assessors.cat\/es\/politica-de-privacidad\/","og_locale":"es_ES","og_type":"article","og_title":"Pol\u00edtica de privacidad | RM Assessors","og_description":"Pol\u00edtica de privacidad A trav\u00e9s de este sitio web no se recogen datos de car\u00e1cter personal de los usuarios sin su conocimiento, ni se ceden a terceros. Con el fin de ofrecer el mejor servicio y con el objeto de facilitar su uso, se analizan el n\u00famero de p\u00e1ginas visitadas, el n\u00famero de visitas, as\u00ed [&hellip;]","og_url":"https:\/\/www.rm-assessors.cat\/es\/politica-de-privacidad\/","og_site_name":"RM Assessors","article_publisher":"https:\/\/www.facebook.com\/rmassessors","article_modified_time":"2024-01-09T10:04:39+00:00","twitter_card":"summary_large_image","twitter_site":"@RMAssessors","twitter_misc":{"Tiempo de lectura":"2 minutos"},"schema":{"@context":"https:\/\/schema.org","@graph":[{"@type":"WebPage","@id":"https:\/\/www.rm-assessors.cat\/es\/politica-de-privacidad\/","url":"https:\/\/www.rm-assessors.cat\/es\/politica-de-privacidad\/","name":"Pol\u00edtica de privacidad | RM Assessors","isPartOf":{"@id":"https:\/\/www.rm-assessors.cat\/es\/#website"},"datePublished":"2023-04-21T08:17:11+00:00","dateModified":"2024-01-09T10:04:39+00:00","breadcrumb":{"@id":"https:\/\/www.rm-assessors.cat\/es\/politica-de-privacidad\/#breadcrumb"},"inLanguage":"es","potentialAction":[{"@type":"ReadAction","target":["https:\/\/www.rm-assessors.cat\/es\/politica-de-privacidad\/"]}]},{"@type":"BreadcrumbList","@id":"https:\/\/www.rm-assessors.cat\/es\/politica-de-privacidad\/#breadcrumb","itemListElement":[{"@type":"ListItem","position":1,"name":"Inici","item":"https:\/\/www.rm-assessors.cat\/es\/"},{"@type":"ListItem","position":2,"name":"Pol\u00edtica de privacidad"}]},{"@type":"WebSite","@id":"https:\/\/www.rm-assessors.cat\/es\/#website","url":"https:\/\/www.rm-assessors.cat\/es\/","name":"RM Assessors","description":"Assessoria i gestoria a Girona, Figueres i Breda.","publisher":{"@id":"https:\/\/www.rm-assessors.cat\/es\/#organization"},"alternateName":"RM Assessors","potentialAction":[{"@type":"SearchAction","target":{"@type":"EntryPoint","urlTemplate":"https:\/\/www.rm-assessors.cat\/es\/?s={search_term_string}"},"query-input":{"@type":"PropertyValueSpecification","valueRequired":true,"valueName":"search_term_string"}}],"inLanguage":"es"},{"@type":"Organization","@id":"https:\/\/www.rm-assessors.cat\/es\/#organization","name":"RM Assessors","alternateName":"RM Assessors","url":"https:\/\/www.rm-assessors.cat\/es\/","logo":{"@type":"ImageObject","inLanguage":"es","@id":"https:\/\/www.rm-assessors.cat\/es\/#\/schema\/logo\/image\/","url":"https:\/\/www.rm-assessors.cat\/wp-content\/uploads\/2023\/09\/RM-Serveis_Assessors.svg","contentUrl":"https:\/\/www.rm-assessors.cat\/wp-content\/uploads\/2023\/09\/RM-Serveis_Assessors.svg","width":200,"height":200,"caption":"RM Assessors"},"image":{"@id":"https:\/\/www.rm-assessors.cat\/es\/#\/schema\/logo\/image\/"},"sameAs":["https:\/\/www.facebook.com\/rmassessors","https:\/\/x.com\/RMAssessors","https:\/\/www.linkedin.com\/company\/rm-assessors\/","https:\/\/www.instagram.com\/rm_assessors\/"]}]}},"_links":{"self":[{"href":"https:\/\/www.rm-assessors.cat\/es\/wp-json\/wp\/v2\/pages\/11131","targetHints":{"allow":["GET"]}}],"collection":[{"href":"https:\/\/www.rm-assessors.cat\/es\/wp-json\/wp\/v2\/pages"}],"about":[{"href":"https:\/\/www.rm-assessors.cat\/es\/wp-json\/wp\/v2\/types\/page"}],"author":[{"embeddable":true,"href":"https:\/\/www.rm-assessors.cat\/es\/wp-json\/wp\/v2\/users\/1"}],"replies":[{"embeddable":true,"href":"https:\/\/www.rm-assessors.cat\/es\/wp-json\/wp\/v2\/comments?post=11131"}],"version-history":[{"count":1,"href":"https:\/\/www.rm-assessors.cat\/es\/wp-json\/wp\/v2\/pages\/11131\/revisions"}],"predecessor-version":[{"id":11132,"href":"https:\/\/www.rm-assessors.cat\/es\/wp-json\/wp\/v2\/pages\/11131\/revisions\/11132"}],"wp:attachment":[{"href":"https:\/\/www.rm-assessors.cat\/es\/wp-json\/wp\/v2\/media?parent=11131"}],"curies":[{"name":"wp","href":"https:\/\/api.w.org\/{rel}","templated":true}]}}